{"id":1639,"date":"2021-04-11T13:54:36","date_gmt":"2021-04-11T12:54:36","guid":{"rendered":"http:\/\/selfcont.hu\/?post_type=product&#038;p=1639"},"modified":"2021-05-10T06:27:37","modified_gmt":"2021-05-10T05:27:37","slug":"40-dc-hasznalt-raktarkontener","status":"publish","type":"product","link":"https:\/\/selfcont.hu\/en\/berles\/40-dc-hasznalt-raktarkontener\/","title":{"rendered":"40&#8242; DC haszn\u00e1lt rakt\u00e1rkont\u00e9ner"},"content":{"rendered":"<p><strong>M\u0171szaki le\u00edr\u00e1s:<\/strong><\/p>\n<ul>\n<li>Anyaga: Corten ac\u00e9l<\/li>\n<li>S\u00faly: 3600-3950 kg (gy\u00e1rt\u00f3t\u00f3l \u00e9s \u00e9vj\u00e1ratt\u00f3l f\u00fcgg\u0151en)<\/li>\n<li>Teher alatti emelhet\u0151s\u00e9ge: max. 26T raks\u00fallyal<\/li>\n<li>M\u00e9retek k\u00fcls\u0151\/bels\u0151: H: 12192 mm Sz: 2438 mm M: 2591 mm \/ H: 12032 mm Sz: 2352 mm M: 2385 mm<\/li>\n<li>Padl\u00f3: 28mm vastag r\u00e9tegelt lemez padl\u00f3 k\u00fcl\u00f6nb\u00f6z\u0151 t\u00edpus\u00fa \u00e9s min\u0151s\u00e9g\u0171 tr\u00f3pusi f\u00e1b\u00f3l<\/li>\n<\/ul>\n<p>&nbsp;<\/p>\n<p><strong>B\u00e9rleti felt\u00e9telek:<\/strong><\/p>\n<ul>\n<li>minimum b\u00e9rleti id\u0151 7 nap (5 nap id\u0151tartam\u00fa b\u00e9rlet eset\u00e9n is a minimum d\u00edj fizetend\u0151, teh\u00e1t 7 nap b\u00e9rleti d\u00edja)<\/li>\n<li>dep\u00f3d\u00edj (kit\u00e1rol\u00e1s \u00e9s bet\u00e1rol\u00e1s), melyek egyszeri d\u00edjak alkalmank\u00e9nt 9.000 forint+\u00c1fa<\/li>\n<li>kauci\u00f3 sz\u00fcks\u00e9ges<\/li>\n<li>kedvezm\u00e9nyes kisz\u00e1ll\u00edt\u00e1st v\u00e1llalunk az orsz\u00e1g eg\u00e9sz ter\u00fclet\u00e9n, darus aut\u00f3val is<\/li>\n<li>csak belf\u00f6ld\u00f6n b\u00e9relhet\u0151<\/li>\n<li>k\u00e9szletr\u0151l mindig sz\u00e1ll\u00edthat\u00f3 r\u00f6vid hat\u00e1rid\u0151vel (4-5 munkanapon bel\u00fcl)<\/li>\n<li>a b\u00e9rleti d\u00edj f\u00fcgg az id\u0151tartamt\u00f3l \u00e9s a partneri rel\u00e1ci\u00f3t\u00f3l (egy\u00fcttm\u0171k\u00f6d\u00e9si id\u0151 \u00e9s b\u00e9relt kont\u00e9nerek sz\u00e1ma), pontos aj\u00e1nlathoz k\u00e9rj\u00fck vegye fel vel\u00fcnk a kapcsolatot.<\/li>\n<\/ul>\n","protected":false},"excerpt":{"rendered":"<p>K\u00e9szletr\u0151l azonnali kisz\u00e1ll\u00edt\u00e1ssal b\u00e9relhet\u0151 kont\u00e9nereink 40\u2019 m\u00e9retben. Kisz\u00e1ll\u00edt\u00e1ssal az orsz\u00e1g eg\u00e9sz ter\u00fclet\u00e9n. B\u00e9rleti id\u0151szak r\u00f6vid \u00e9s hossz\u00fat\u00e1vra egyar\u00e1nt<\/p>\n","protected":false},"featured_media":1640,"template":"","meta":[],"yoast_head":"<!-- This site is optimized with the Yoast SEO plugin v16.2 - https:\/\/yoast.com\/wordpress\/plugins\/seo\/ -->\n<title>40&#039; DC haszn\u00e1lt rakt\u00e1rkont\u00e9ner | Selfcont<\/title>\n<meta name=\"robots\" content=\"index, follow, max-snippet:-1, max-image-preview:large, max-video-preview:-1\" \/>\n<link rel=\"canonical\" href=\"https:\/\/selfcont.hu\/en\/berles\/40-dc-hasznalt-raktarkontener\/\" \/>\n<meta property=\"og:locale\" content=\"en_US\" \/>\n<meta property=\"og:type\" content=\"article\" \/>\n<meta property=\"og:title\" content=\"40&#039; DC haszn\u00e1lt rakt\u00e1rkont\u00e9ner | Selfcont\" \/>\n<meta property=\"og:description\" content=\"K\u00e9szletr\u0151l azonnali kisz\u00e1ll\u00edt\u00e1ssal b\u00e9relhet\u0151 kont\u00e9nereink 40\u2019 m\u00e9retben. Kisz\u00e1ll\u00edt\u00e1ssal az orsz\u00e1g eg\u00e9sz ter\u00fclet\u00e9n. B\u00e9rleti id\u0151szak r\u00f6vid \u00e9s hossz\u00fat\u00e1vra egyar\u00e1nt\" \/>\n<meta property=\"og:url\" content=\"https:\/\/selfcont.hu\/en\/berles\/40-dc-hasznalt-raktarkontener\/\" \/>\n<meta property=\"og:site_name\" content=\"Selfcont\" \/>\n<meta property=\"article:modified_time\" content=\"2021-05-10T05:27:37+00:00\" \/>\n<meta property=\"og:image\" content=\"https:\/\/selfcont.hu\/wp-content\/uploads\/20210324_115813-scaled.jpg\" \/>\n\t<meta property=\"og:image:width\" content=\"2560\" \/>\n\t<meta property=\"og:image:height\" content=\"1920\" \/>\n<meta name=\"twitter:card\" content=\"summary_large_image\" \/>\n<meta name=\"twitter:label1\" content=\"Est. reading time\">\n\t<meta name=\"twitter:data1\" content=\"1 minute\">\n<script type=\"application\/ld+json\" class=\"yoast-schema-graph\">{\"@context\":\"https:\/\/schema.org\",\"@graph\":[{\"@type\":\"Organization\",\"@id\":\"http:\/\/selfcont.hu\/#organization\",\"name\":\"EXcont Container Ltd.\",\"url\":\"http:\/\/selfcont.hu\/\",\"sameAs\":[],\"logo\":{\"@type\":\"ImageObject\",\"@id\":\"http:\/\/selfcont.hu\/#logo\",\"inLanguage\":\"en-US\",\"url\":null,\"contentUrl\":null,\"width\":null,\"height\":null,\"caption\":\"EXcont Container Ltd.\"},\"image\":{\"@id\":\"http:\/\/selfcont.hu\/#logo\"}},{\"@type\":\"WebSite\",\"@id\":\"http:\/\/selfcont.hu\/#website\",\"url\":\"http:\/\/selfcont.hu\/\",\"name\":\"Selfcont\",\"description\":\"Solving your space shortage\",\"publisher\":{\"@id\":\"http:\/\/selfcont.hu\/#organization\"},\"potentialAction\":[{\"@type\":\"SearchAction\",\"target\":\"http:\/\/selfcont.hu\/?s={search_term_string}\",\"query-input\":\"required name=search_term_string\"}],\"inLanguage\":\"en-US\"},{\"@type\":\"ImageObject\",\"@id\":\"https:\/\/selfcont.hu\/en\/berles\/40-dc-hasznalt-raktarkontener\/#primaryimage\",\"inLanguage\":\"en-US\",\"url\":\"https:\/\/selfcont.hu\/wp-content\/uploads\/20210324_115813-scaled.jpg\",\"contentUrl\":\"https:\/\/selfcont.hu\/wp-content\/uploads\/20210324_115813-scaled.jpg\",\"width\":2560,\"height\":1920},{\"@type\":\"WebPage\",\"@id\":\"https:\/\/selfcont.hu\/en\/berles\/40-dc-hasznalt-raktarkontener\/#webpage\",\"url\":\"https:\/\/selfcont.hu\/en\/berles\/40-dc-hasznalt-raktarkontener\/\",\"name\":\"40' DC haszn\\u00e1lt rakt\\u00e1rkont\\u00e9ner | Selfcont\",\"isPartOf\":{\"@id\":\"http:\/\/selfcont.hu\/#website\"},\"primaryImageOfPage\":{\"@id\":\"https:\/\/selfcont.hu\/en\/berles\/40-dc-hasznalt-raktarkontener\/#primaryimage\"},\"datePublished\":\"2021-04-11T12:54:36+00:00\",\"dateModified\":\"2021-05-10T05:27:37+00:00\",\"breadcrumb\":{\"@id\":\"https:\/\/selfcont.hu\/en\/berles\/40-dc-hasznalt-raktarkontener\/#breadcrumb\"},\"inLanguage\":\"en-US\",\"potentialAction\":[{\"@type\":\"ReadAction\",\"target\":[\"https:\/\/selfcont.hu\/en\/berles\/40-dc-hasznalt-raktarkontener\/\"]}]},{\"@type\":\"BreadcrumbList\",\"@id\":\"https:\/\/selfcont.hu\/en\/berles\/40-dc-hasznalt-raktarkontener\/#breadcrumb\",\"itemListElement\":[{\"@type\":\"ListItem\",\"position\":1,\"item\":{\"@type\":\"WebPage\",\"@id\":\"https:\/\/selfcont.hu\/en\/\",\"url\":\"https:\/\/selfcont.hu\/en\/\",\"name\":\"Home\"}},{\"@type\":\"ListItem\",\"position\":2,\"item\":{\"@type\":\"WebPage\",\"@id\":\"https:\/\/selfcont.hu\/en\/?page_id=488\",\"url\":\"https:\/\/selfcont.hu\/en\/?page_id=488\",\"name\":\"Stock\"}},{\"@type\":\"ListItem\",\"position\":3,\"item\":{\"@id\":\"https:\/\/selfcont.hu\/en\/berles\/40-dc-hasznalt-raktarkontener\/#webpage\"}}]}]}<\/script>\n<!-- \/ Yoast SEO plugin. -->","_links":{"self":[{"href":"https:\/\/selfcont.hu\/en\/wp-json\/wp\/v2\/product\/1639"}],"collection":[{"href":"https:\/\/selfcont.hu\/en\/wp-json\/wp\/v2\/product"}],"about":[{"href":"https:\/\/selfcont.hu\/en\/wp-json\/wp\/v2\/types\/product"}],"wp:featuredmedia":[{"embeddable":true,"href":"https:\/\/selfcont.hu\/en\/wp-json\/wp\/v2\/media\/1640"}],"wp:attachment":[{"href":"https:\/\/selfcont.hu\/en\/wp-json\/wp\/v2\/media?parent=1639"}],"curies":[{"name":"wp","href":"https:\/\/api.w.org\/{rel}","templated":true}]}}