{"id":1700,"date":"2021-04-12T00:21:13","date_gmt":"2021-04-11T23:21:13","guid":{"rendered":"http:\/\/selfcont.hu\/?post_type=product&#038;p=1700"},"modified":"2021-05-05T05:57:41","modified_gmt":"2021-05-05T04:57:41","slug":"hutokontener","status":"publish","type":"product","link":"https:\/\/selfcont.hu\/en\/berles\/hutokontener\/","title":{"rendered":"H\u0171t\u0151kont\u00e9ner"},"content":{"rendered":"<p><strong>M\u0171szaki le\u00edr\u00e1s:<\/strong><\/p>\n<ul>\n<li>S\u00faly: 2850(t\u00edpust\u00f3l, gy\u00e1rt\u00f3t\u00f3l \u00e9s \u00e9vj\u00e1ratt\u00f3l f\u00fcgg\u0151en elt\u00e9rhet)<\/li>\n<li>30tonna \u00f6sszs\u00fallyal emelhet\u0151<\/li>\n<li>Ak\u00e1r -40 fokos h\u0171t\u0151kapacit\u00e1s<\/li>\n<li>Vil\u00e1g\u00edt\u00e1s<\/li>\n<li>P\u00e1nikgomb<\/li>\n<li>Rozsdamentes ac\u00e9l bels\u0151<\/li>\n<li>T rudazat\u00fa padl\u00f3val, mely a h\u0151cser\u00e9l\u0151d\u00e9st seg\u00edti, viszont ugyan\u00fagy haszn\u00e1lhat\u00f3 k\u00e9zi emel\u0151vel \u00e9s targonc\u00e1val egy\u00e1rant<\/li>\n<li>Tartoz\u00e9k: r\u00e1mpa<\/li>\n<li>\u00c1llapot \u00fajszer\u0171<\/li>\n<li>H\u0171t\u0151egys\u00e9g: Thermoking MP4000<\/li>\n<\/ul>\n<p>El\u00e9rhet\u0151 m\u00e9retek: 20\u2032 \u00e9s rendel\u00e9sre 40\u2032 HC is.<\/p>\n<p>&nbsp;<\/p>\n<p><strong>B\u00e9rleti felt\u00e9telek:<\/strong><\/p>\n<ul>\n<li>minimum b\u00e9rleti id\u0151 3 h\u00f3nap<\/li>\n<li>dep\u00f3d\u00edj (kit\u00e1rol\u00e1s \u00e9s bet\u00e1rol\u00e1s), melyek egyszeri d\u00edjak alkalmank\u00e9nt 9.000 forint+\u00c1fa<\/li>\n<li>kauci\u00f3 sz\u00fcks\u00e9ges<\/li>\n<li>kedvezm\u00e9nyes kisz\u00e1ll\u00edt\u00e1st v\u00e1llalunk az orsz\u00e1g eg\u00e9sz ter\u00fclet\u00e9n, darus aut\u00f3val is<\/li>\n<li>csak belf\u00f6ld\u00f6n b\u00e9relhet\u0151<\/li>\n<li>k\u00e9szlet el\u00e9rhet\u0151s\u00e9gt\u0151l f\u00fcgg\u0151en, amennyiben nem el\u00e9rhet\u0151 45 napos hat\u00e1rid\u0151vel tudjuk v\u00e1llalni a kisz\u00e1ll\u00edt\u00e1st<\/li>\n<li>a b\u00e9rleti d\u00edj f\u00fcgg az id\u0151tartamt\u00f3l, t\u00edpust\u00f3l \u00e9s a partneri rel\u00e1ci\u00f3t\u00f3l (egy\u00fcttm\u0171k\u00f6d\u00e9si id\u0151 \u00e9s b\u00e9relt kont\u00e9nerek sz\u00e1ma), pontos aj\u00e1nlathoz k\u00e9rj\u00fck vegye fel vel\u00fcnk a kapcsolatot.<\/li>\n<\/ul>\n","protected":false},"excerpt":{"rendered":"<p>K\u00f6zepes sz\u00e1ll\u00edt\u00e1si hat\u00e1rid\u0151vel k\u00fcl\u00f6nb\u00f6z\u0151 m\u00e9retben h\u0171t\u0151kont\u00e9ner b\u00e9relhet\u0151 kisz\u00e1ll\u00edt\u00e1ssal az orsz\u00e1g eg\u00e9sz ter\u00fclet\u00e9n. Minimum b\u00e9rleti id\u0151 3 h\u00f3nap<\/p>\n","protected":false},"featured_media":1745,"template":"","meta":[],"yoast_head":"<!-- This site is optimized with the Yoast SEO plugin v16.2 - https:\/\/yoast.com\/wordpress\/plugins\/seo\/ -->\n<title>H\u0171t\u0151kont\u00e9ner | Selfcont<\/title>\n<meta name=\"robots\" content=\"index, follow, max-snippet:-1, max-image-preview:large, max-video-preview:-1\" \/>\n<link rel=\"canonical\" href=\"https:\/\/selfcont.hu\/en\/berles\/hutokontener\/\" \/>\n<meta property=\"og:locale\" content=\"en_US\" \/>\n<meta property=\"og:type\" content=\"article\" \/>\n<meta property=\"og:title\" content=\"H\u0171t\u0151kont\u00e9ner | Selfcont\" \/>\n<meta property=\"og:description\" content=\"K\u00f6zepes sz\u00e1ll\u00edt\u00e1si hat\u00e1rid\u0151vel k\u00fcl\u00f6nb\u00f6z\u0151 m\u00e9retben h\u0171t\u0151kont\u00e9ner b\u00e9relhet\u0151 kisz\u00e1ll\u00edt\u00e1ssal az orsz\u00e1g eg\u00e9sz ter\u00fclet\u00e9n. Minimum b\u00e9rleti id\u0151 3 h\u00f3nap\" \/>\n<meta property=\"og:url\" content=\"https:\/\/selfcont.hu\/en\/berles\/hutokontener\/\" \/>\n<meta property=\"og:site_name\" content=\"Selfcont\" \/>\n<meta property=\"article:modified_time\" content=\"2021-05-05T04:57:41+00:00\" \/>\n<meta property=\"og:image\" content=\"https:\/\/selfcont.hu\/wp-content\/uploads\/IMG_20210409_155546_resized_20210409_035718825.jpg\" \/>\n\t<meta property=\"og:image:width\" content=\"992\" \/>\n\t<meta property=\"og:image:height\" content=\"744\" \/>\n<meta name=\"twitter:card\" content=\"summary_large_image\" \/>\n<meta name=\"twitter:label1\" content=\"Est. reading time\">\n\t<meta name=\"twitter:data1\" content=\"1 minute\">\n<script type=\"application\/ld+json\" class=\"yoast-schema-graph\">{\"@context\":\"https:\/\/schema.org\",\"@graph\":[{\"@type\":\"Organization\",\"@id\":\"http:\/\/selfcont.hu\/#organization\",\"name\":\"EXcont Container Ltd.\",\"url\":\"http:\/\/selfcont.hu\/\",\"sameAs\":[],\"logo\":{\"@type\":\"ImageObject\",\"@id\":\"http:\/\/selfcont.hu\/#logo\",\"inLanguage\":\"en-US\",\"url\":null,\"contentUrl\":null,\"width\":null,\"height\":null,\"caption\":\"EXcont Container Ltd.\"},\"image\":{\"@id\":\"http:\/\/selfcont.hu\/#logo\"}},{\"@type\":\"WebSite\",\"@id\":\"http:\/\/selfcont.hu\/#website\",\"url\":\"http:\/\/selfcont.hu\/\",\"name\":\"Selfcont\",\"description\":\"Solving your space shortage\",\"publisher\":{\"@id\":\"http:\/\/selfcont.hu\/#organization\"},\"potentialAction\":[{\"@type\":\"SearchAction\",\"target\":\"http:\/\/selfcont.hu\/?s={search_term_string}\",\"query-input\":\"required name=search_term_string\"}],\"inLanguage\":\"en-US\"},{\"@type\":\"ImageObject\",\"@id\":\"https:\/\/selfcont.hu\/en\/berles\/hutokontener\/#primaryimage\",\"inLanguage\":\"en-US\",\"url\":\"https:\/\/selfcont.hu\/wp-content\/uploads\/IMG_20210409_155546_resized_20210409_035718825.jpg\",\"contentUrl\":\"https:\/\/selfcont.hu\/wp-content\/uploads\/IMG_20210409_155546_resized_20210409_035718825.jpg\",\"width\":992,\"height\":744},{\"@type\":\"WebPage\",\"@id\":\"https:\/\/selfcont.hu\/en\/berles\/hutokontener\/#webpage\",\"url\":\"https:\/\/selfcont.hu\/en\/berles\/hutokontener\/\",\"name\":\"H\\u0171t\\u0151kont\\u00e9ner | Selfcont\",\"isPartOf\":{\"@id\":\"http:\/\/selfcont.hu\/#website\"},\"primaryImageOfPage\":{\"@id\":\"https:\/\/selfcont.hu\/en\/berles\/hutokontener\/#primaryimage\"},\"datePublished\":\"2021-04-11T23:21:13+00:00\",\"dateModified\":\"2021-05-05T04:57:41+00:00\",\"breadcrumb\":{\"@id\":\"https:\/\/selfcont.hu\/en\/berles\/hutokontener\/#breadcrumb\"},\"inLanguage\":\"en-US\",\"potentialAction\":[{\"@type\":\"ReadAction\",\"target\":[\"https:\/\/selfcont.hu\/en\/berles\/hutokontener\/\"]}]},{\"@type\":\"BreadcrumbList\",\"@id\":\"https:\/\/selfcont.hu\/en\/berles\/hutokontener\/#breadcrumb\",\"itemListElement\":[{\"@type\":\"ListItem\",\"position\":1,\"item\":{\"@type\":\"WebPage\",\"@id\":\"https:\/\/selfcont.hu\/en\/\",\"url\":\"https:\/\/selfcont.hu\/en\/\",\"name\":\"Home\"}},{\"@type\":\"ListItem\",\"position\":2,\"item\":{\"@type\":\"WebPage\",\"@id\":\"https:\/\/selfcont.hu\/en\/?page_id=488\",\"url\":\"https:\/\/selfcont.hu\/en\/?page_id=488\",\"name\":\"Stock\"}},{\"@type\":\"ListItem\",\"position\":3,\"item\":{\"@id\":\"https:\/\/selfcont.hu\/en\/berles\/hutokontener\/#webpage\"}}]}]}<\/script>\n<!-- \/ Yoast SEO plugin. -->","_links":{"self":[{"href":"https:\/\/selfcont.hu\/en\/wp-json\/wp\/v2\/product\/1700"}],"collection":[{"href":"https:\/\/selfcont.hu\/en\/wp-json\/wp\/v2\/product"}],"about":[{"href":"https:\/\/selfcont.hu\/en\/wp-json\/wp\/v2\/types\/product"}],"wp:featuredmedia":[{"embeddable":true,"href":"https:\/\/selfcont.hu\/en\/wp-json\/wp\/v2\/media\/1745"}],"wp:attachment":[{"href":"https:\/\/selfcont.hu\/en\/wp-json\/wp\/v2\/media?parent=1700"}],"curies":[{"name":"wp","href":"https:\/\/api.w.org\/{rel}","templated":true}]}}