{"id":1726,"date":"2021-04-12T00:29:48","date_gmt":"2021-04-11T23:29:48","guid":{"rendered":"http:\/\/selfcont.hu\/?post_type=product&#038;p=1726"},"modified":"2021-04-20T11:16:07","modified_gmt":"2021-04-20T10:16:07","slug":"szaniterkontener","status":"publish","type":"product","link":"https:\/\/selfcont.hu\/en\/berles\/szaniterkontener\/","title":{"rendered":"Szaniterkont\u00e9ner"},"content":{"rendered":"<p><strong>M\u0171szaki le\u00edr\u00e1s:<\/strong><\/p>\n<ul>\n<li>S\u00faly: 1500 &#8211; 4500 kg (t\u00edpust\u00f3l, gy\u00e1rt\u00f3t\u00f3 \u00e9s \u00e9vj\u00e1ratt\u00f3l f\u00fcgg\u0151en)<\/li>\n<li>Padozati terhelhet\u0151s\u00e9g: 200 Kg\/nm<\/li>\n<li>Padl\u00f3: 18 mm vastag v\u00edz\u00e1ll\u00f3 r\u00e9tegelt lemez<\/li>\n<li>El\u00e9rhet\u0151 m\u00e9retek: 10&#8242; \u00e9s 20&#8242;<\/li>\n<\/ul>\n<p>&nbsp;<\/p>\n<p><strong>B\u00e9rleti felt\u00e9telek:<\/strong><\/p>\n<ul>\n<li>minimum b\u00e9rleti id\u0151 30 nap (5 nap id\u0151tartam\u00fa b\u00e9rlet eset\u00e9n is a minimum d\u00edj fizetend\u0151, teh\u00e1t 30 nap b\u00e9rleti d\u00edja)<\/li>\n<li>dep\u00f3d\u00edj (kit\u00e1rol\u00e1s \u00e9s bet\u00e1rol\u00e1s), melyek egyszeri d\u00edjak alkalmank\u00e9nt 6.000 forint+\u00c1fa<\/li>\n<li>kauci\u00f3 sz\u00fcks\u00e9ges<\/li>\n<li>kedvezm\u00e9nyes kisz\u00e1ll\u00edt\u00e1st v\u00e1llalunk az orsz\u00e1g eg\u00e9sz ter\u00fclet\u00e9n, darus aut\u00f3val is<\/li>\n<li>csak belf\u00f6ld\u00f6n b\u00e9relhet\u0151<\/li>\n<li>k\u00e9szlet el\u00e9rhet\u0151s\u00e9gt\u0151l f\u00fcgg\u0151en, amennyiben nem el\u00e9rhet\u0151 45 napos hat\u00e1rid\u0151vel tudjuk v\u00e1llalni a kisz\u00e1ll\u00edt\u00e1st<\/li>\n<li>a b\u00e9rleti d\u00edj f\u00fcgg az id\u0151tartamt\u00f3l, t\u00edpust\u00f3l \u00e9s a partneri rel\u00e1ci\u00f3t\u00f3l (egy\u00fcttm\u0171k\u00f6d\u00e9si id\u0151 \u00e9s b\u00e9relt kont\u00e9nerek sz\u00e1ma), pontos aj\u00e1nlathoz k\u00e9rj\u00fck vegye fel vel\u00fcnk a kapcsolatot.<\/li>\n<\/ul>\n","protected":false},"excerpt":{"rendered":"<p>Szaniterkont\u00e9nereink k\u00fcl\u00f6nb\u00f6z\u0151 kialak\u00edt\u00e1sban, rendel\u00e9sre r\u00f6vid \u00e9s hossz\u00fat\u00e1vra is<\/p>\n","protected":false},"featured_media":1735,"template":"","meta":[],"yoast_head":"<!-- This site is optimized with the Yoast SEO plugin v16.2 - https:\/\/yoast.com\/wordpress\/plugins\/seo\/ -->\n<title>Szaniterkont\u00e9ner | Selfcont<\/title>\n<meta name=\"robots\" content=\"index, follow, max-snippet:-1, max-image-preview:large, max-video-preview:-1\" \/>\n<link rel=\"canonical\" href=\"https:\/\/selfcont.hu\/en\/berles\/szaniterkontener\/\" \/>\n<meta property=\"og:locale\" content=\"en_US\" \/>\n<meta property=\"og:type\" content=\"article\" \/>\n<meta property=\"og:title\" content=\"Szaniterkont\u00e9ner | Selfcont\" \/>\n<meta property=\"og:description\" content=\"Szaniterkont\u00e9nereink k\u00fcl\u00f6nb\u00f6z\u0151 kialak\u00edt\u00e1sban, rendel\u00e9sre r\u00f6vid \u00e9s hossz\u00fat\u00e1vra is\" \/>\n<meta property=\"og:url\" content=\"https:\/\/selfcont.hu\/en\/berles\/szaniterkontener\/\" \/>\n<meta property=\"og:site_name\" content=\"Selfcont\" \/>\n<meta property=\"article:modified_time\" content=\"2021-04-20T10:16:07+00:00\" \/>\n<meta property=\"og:image\" content=\"https:\/\/selfcont.hu\/wp-content\/uploads\/IMG_20200914_141731-scaled.jpg\" \/>\n\t<meta property=\"og:image:width\" content=\"1920\" \/>\n\t<meta property=\"og:image:height\" content=\"2560\" \/>\n<meta name=\"twitter:card\" content=\"summary_large_image\" \/>\n<meta name=\"twitter:label1\" content=\"Est. reading time\">\n\t<meta name=\"twitter:data1\" content=\"1 minute\">\n<script type=\"application\/ld+json\" class=\"yoast-schema-graph\">{\"@context\":\"https:\/\/schema.org\",\"@graph\":[{\"@type\":\"Organization\",\"@id\":\"http:\/\/selfcont.hu\/#organization\",\"name\":\"EXcont Container Ltd.\",\"url\":\"http:\/\/selfcont.hu\/\",\"sameAs\":[],\"logo\":{\"@type\":\"ImageObject\",\"@id\":\"http:\/\/selfcont.hu\/#logo\",\"inLanguage\":\"en-US\",\"url\":null,\"contentUrl\":null,\"width\":null,\"height\":null,\"caption\":\"EXcont Container Ltd.\"},\"image\":{\"@id\":\"http:\/\/selfcont.hu\/#logo\"}},{\"@type\":\"WebSite\",\"@id\":\"http:\/\/selfcont.hu\/#website\",\"url\":\"http:\/\/selfcont.hu\/\",\"name\":\"Selfcont\",\"description\":\"Solving your space shortage\",\"publisher\":{\"@id\":\"http:\/\/selfcont.hu\/#organization\"},\"potentialAction\":[{\"@type\":\"SearchAction\",\"target\":\"http:\/\/selfcont.hu\/?s={search_term_string}\",\"query-input\":\"required name=search_term_string\"}],\"inLanguage\":\"en-US\"},{\"@type\":\"ImageObject\",\"@id\":\"https:\/\/selfcont.hu\/en\/berles\/szaniterkontener\/#primaryimage\",\"inLanguage\":\"en-US\",\"url\":\"https:\/\/selfcont.hu\/wp-content\/uploads\/IMG_20200914_141731-scaled.jpg\",\"contentUrl\":\"https:\/\/selfcont.hu\/wp-content\/uploads\/IMG_20200914_141731-scaled.jpg\",\"width\":1920,\"height\":2560},{\"@type\":\"WebPage\",\"@id\":\"https:\/\/selfcont.hu\/en\/berles\/szaniterkontener\/#webpage\",\"url\":\"https:\/\/selfcont.hu\/en\/berles\/szaniterkontener\/\",\"name\":\"Szaniterkont\\u00e9ner | Selfcont\",\"isPartOf\":{\"@id\":\"http:\/\/selfcont.hu\/#website\"},\"primaryImageOfPage\":{\"@id\":\"https:\/\/selfcont.hu\/en\/berles\/szaniterkontener\/#primaryimage\"},\"datePublished\":\"2021-04-11T23:29:48+00:00\",\"dateModified\":\"2021-04-20T10:16:07+00:00\",\"breadcrumb\":{\"@id\":\"https:\/\/selfcont.hu\/en\/berles\/szaniterkontener\/#breadcrumb\"},\"inLanguage\":\"en-US\",\"potentialAction\":[{\"@type\":\"ReadAction\",\"target\":[\"https:\/\/selfcont.hu\/en\/berles\/szaniterkontener\/\"]}]},{\"@type\":\"BreadcrumbList\",\"@id\":\"https:\/\/selfcont.hu\/en\/berles\/szaniterkontener\/#breadcrumb\",\"itemListElement\":[{\"@type\":\"ListItem\",\"position\":1,\"item\":{\"@type\":\"WebPage\",\"@id\":\"https:\/\/selfcont.hu\/en\/\",\"url\":\"https:\/\/selfcont.hu\/en\/\",\"name\":\"Home\"}},{\"@type\":\"ListItem\",\"position\":2,\"item\":{\"@type\":\"WebPage\",\"@id\":\"https:\/\/selfcont.hu\/en\/?page_id=488\",\"url\":\"https:\/\/selfcont.hu\/en\/?page_id=488\",\"name\":\"Stock\"}},{\"@type\":\"ListItem\",\"position\":3,\"item\":{\"@id\":\"https:\/\/selfcont.hu\/en\/berles\/szaniterkontener\/#webpage\"}}]}]}<\/script>\n<!-- \/ Yoast SEO plugin. -->","_links":{"self":[{"href":"https:\/\/selfcont.hu\/en\/wp-json\/wp\/v2\/product\/1726"}],"collection":[{"href":"https:\/\/selfcont.hu\/en\/wp-json\/wp\/v2\/product"}],"about":[{"href":"https:\/\/selfcont.hu\/en\/wp-json\/wp\/v2\/types\/product"}],"wp:featuredmedia":[{"embeddable":true,"href":"https:\/\/selfcont.hu\/en\/wp-json\/wp\/v2\/media\/1735"}],"wp:attachment":[{"href":"https:\/\/selfcont.hu\/en\/wp-json\/wp\/v2\/media?parent=1726"}],"curies":[{"name":"wp","href":"https:\/\/api.w.org\/{rel}","templated":true}]}}